{"id":3,"date":"2026-01-06T11:27:14","date_gmt":"2026-01-06T11:27:14","guid":{"rendered":"http:\/\/diamondps.vn\/?page_id=3"},"modified":"2026-01-07T12:18:12","modified_gmt":"2026-01-07T05:18:12","slug":"trang-chu","status":"publish","type":"page","link":"https:\/\/diamondps.vn\/","title":{"rendered":"Trang ch\u1ee7"},"content":{"rendered":"\n<div class=\"row align-middle align-center banner_row\"  id=\"row-1280871039\">\n\n\n\t<div id=\"col-902670294\" class=\"col banner_colum small-12 large-12\"  >\n\t\t<div class=\"col-inner\"  >\n\t\t\t\n\t\t\t\n\n\n  <div class=\"banner has-hover banner_image\" id=\"banner-1761044501\">\n          <div class=\"banner-inner fill\">\n        <div class=\"banner-bg fill\" >\n            <div class=\"bg fill bg-fill \"><\/div>\n                        <div class=\"overlay\"><\/div>            \n                    <\/div>\n        <div class=\"banner-layers container\">\n            <div class=\"fill banner-link\"><\/div>            \n\n\n        <\/div>\n      <\/div>\n\n            \n<style>\n#banner-1761044501 {\n  padding-top: 500px;\n}\n#banner-1761044501 .bg.bg-loaded {\n  background-image: url(https:\/\/diamondps.vn\/wp-content\/uploads\/Diamondps-lobby.jpg);\n}\n#banner-1761044501 .overlay {\n  background-color: rgba(0, 0, 0, 0.17);\n}\n<\/style>\n  <\/div>\n\n\n\n\t\t<\/div>\n\t\t\t<\/div>\n\n\t\n\n<\/div>\n<div class=\"video video-fit mb\" style=\"padding-top:56.25%;\"><iframe loading=\"lazy\" title=\"C\u0103n h\u1ed9 3BR Diamond Centery - apartment for rent 2025 \" width=\"1020\" height=\"574\" src=\"https:\/\/www.youtube.com\/embed\/V3nsHdftCr8?feature=oembed\" frameborder=\"0\" allow=\"accelerometer; autoplay; clipboard-write; encrypted-media; gyroscope; picture-in-picture; web-share\" referrerpolicy=\"strict-origin-when-cross-origin\" allowfullscreen><\/iframe><\/div>\n\n<h1 style=\"text-align: center;\" data-path-to-node=\"2\">Diamond PS \u2013 Gi\u1ea3i Ph\u00e1p To\u00e0n Di\u1ec7n Cho C\u0103n H\u1ed9 Cao C\u1ea5p C\u1ee7a B\u1ea1n<\/h1>\n<p data-path-to-node=\"3\">B\u1ea1n \u0111ang s\u1edf h\u1eefu m\u1ed9t c\u0103n h\u1ed9 h\u1ea1ng sang nh\u01b0ng kh\u00f4ng c\u00f3 th\u1eddi gian qu\u1ea3n l\u00fd? B\u1ea1n mu\u1ed1n t\u1ed1i \u01b0u h\u00f3a l\u1ee3i nhu\u1eadn cho thu\u00ea ho\u1eb7c n\u00e2ng t\u1ea7m gi\u00e1 tr\u1ecb c\u0103n h\u1ed9 \u0111\u1ec3 b\u00e1n v\u1edbi gi\u00e1 t\u1ed1t nh\u1ea5t?<\/p>\n<p>T\u1ea1i\u00a0<b data-path-to-node=\"4\" data-index-in-node=\"4\">Diamond PS<\/b>, ch\u00fang t\u00f4i kh\u00f4ng ch\u1ec9 qu\u1ea3n l\u00fd b\u1ea5t \u0111\u1ed9ng s\u1ea3n \u2013 ch\u00fang t\u00f4i n\u00e2ng niu v\u00e0 gia t\u0103ng gi\u00e1 tr\u1ecb cho t\u1ed5 \u1ea5m c\u1ee7a b\u1ea1n.<\/p>\n<h2 data-path-to-node=\"5\">D\u1ecbch V\u1ee5 C\u1ee7a Ch\u00fang T\u00f4i<\/h2>\n<p data-path-to-node=\"3\">B\u1ea1n \u0111ang s\u1edf h\u1eefu m\u1ed9t c\u0103n h\u1ed9 h\u1ea1ng sang nh\u01b0ng kh\u00f4ng c\u00f3 th\u1eddi gian qu\u1ea3n l\u00fd? B\u1ea1n mu\u1ed1n t\u1ed1i \u01b0u h\u00f3a l\u1ee3i nhu\u1eadn cho thu\u00ea ho\u1eb7c n\u00e2ng t\u1ea7m gi\u00e1 tr\u1ecb c\u0103n h\u1ed9 \u0111\u1ec3 b\u00e1n v\u1edbi gi\u00e1 t\u1ed1t nh\u1ea5t?<\/p>\n<p data-path-to-node=\"6\">Ch\u00fang t\u00f4i cung c\u1ea5p h\u1ec7 sinh th\u00e1i d\u1ecbch v\u1ee5 kh\u00e9p k\u00edn, chuy\u00ean nghi\u1ec7p t\u1ea1i c\u00e1c khu chung c\u01b0 cao c\u1ea5p:<\/p>\n<ul data-path-to-node=\"7\">\n<li>\n<p data-path-to-node=\"7,0,0\"><b data-path-to-node=\"7,0,0\" data-index-in-node=\"0\">Qu\u1ea3n l\u00fd c\u0103n h\u1ed9 chuy\u00ean nghi\u1ec7p:<\/b>\u00a0Thay m\u1eb7t ch\u1ee7 s\u1edf h\u1eefu x\u1eed l\u00fd m\u1ecdi th\u1ee7 t\u1ee5c v\u1eadn h\u00e0nh, gi\u00e1m s\u00e1t v\u00e0 b\u00e1o c\u00e1o \u0111\u1ecbnh k\u1ef3.<\/p>\n<\/li>\n<li>\n<p data-path-to-node=\"7,1,0\"><b data-path-to-node=\"7,1,0\" data-index-in-node=\"0\">Decor &amp; L\u00e0m m\u1edbi kh\u00f4ng gian:<\/b>\u00a0\u0110\u1ed9i ng\u0169 chuy\u00ean gia c\u1ee7a ch\u00fang t\u00f4i bi\u1ebfn h\u00f3a c\u0103n h\u1ed9 tr\u1edf n\u00ean lung linh, sang tr\u1ecdng h\u01a1n, gi\u00fap t\u0103ng t\u1ed1c \u0111\u1ed9 ch\u1ed1t giao d\u1ecbch b\u00e1n ho\u1eb7c cho thu\u00ea.<\/p>\n<\/li>\n<li>\n<p data-path-to-node=\"7,2,0\"><b data-path-to-node=\"7,2,0\" data-index-in-node=\"0\">Khai th\u00e1c l\u01b0u tr\u00fa ng\u1eafn h\u1ea1n (Airbnb\/Booking):<\/b>\u00a0T\u1ed1i \u01b0u h\u00f3a c\u00f4ng su\u1ea5t ph\u00f2ng v\u1edbi quy tr\u00ecnh v\u1eadn h\u00e0nh ti\u00eau chu\u1ea9n kh\u00e1ch s\u1ea1n.<\/p>\n<\/li>\n<li>\n<p data-path-to-node=\"7,3,0\"><b data-path-to-node=\"7,3,0\" data-index-in-node=\"0\">B\u1ea3o tr\u00ec b\u1ea5t \u0111\u1ed9ng s\u1ea3n to\u00e0n di\u1ec7n:<\/b>\u00a0\u0110\u1ea3m b\u1ea3o m\u1ecdi trang thi\u1ebft b\u1ecb lu\u00f4n trong t\u00ecnh tr\u1ea1ng ho\u00e0n h\u1ea3o nh\u1ea5t.<\/p>\n<\/li>\n<\/ul>\n<h2 style=\"text-align: left;\" data-path-to-node=\"8\">T\u1ea1i Sao N\u00ean Ch\u1ecdn Diamond PS?<\/h2>\n<blockquote data-path-to-node=\"9\">\n<p data-path-to-node=\"9,0\"><b data-path-to-node=\"9,0\" data-index-in-node=\"0\">&#8220;Ch\u00fang t\u00f4i th\u1ef1c s\u1ef1 \u0111am m\u00ea n\u00e9t \u0111\u1eb9p trong t\u1eebng c\u0103n h\u1ed9.&#8221;<\/b><\/p>\n<\/blockquote>\n<p data-path-to-node=\"10\">V\u1edbi nhi\u1ec1u n\u0103m kinh nghi\u1ec7m trong ng\u00e0nh, Diamond PS th\u1ea5u hi\u1ec3u r\u1eb1ng m\u1ed7i b\u1ea5t \u0111\u1ed9ng s\u1ea3n l\u00e0 m\u1ed9t t\u00e0i s\u1ea3n qu\u00fd gi\u00e1 v\u00e0 c\u00f3 nh\u1eefng \u0111\u1eb7c th\u00f9 ri\u00eang.<\/p>\n<ul data-path-to-node=\"11\">\n<li>\n<p data-path-to-node=\"11,0,0\"><b data-path-to-node=\"11,0,0\" data-index-in-node=\"0\">Gi\u1ea3i ph\u00e1p may \u0111o:<\/b>\u00a0Ch\u00fang t\u00f4i kh\u00f4ng \u00e1p d\u1ee5ng m\u1ed9t c\u00f4ng th\u1ee9c chung. M\u1ecdi ph\u01b0\u01a1ng \u00e1n b\u1ea3o tr\u00ec v\u00e0 v\u1eadn h\u00e0nh \u0111\u1ec1u \u0111\u01b0\u1ee3c thi\u1ebft k\u1ebf ri\u00eang bi\u1ec7t \u0111\u1ec3 ph\u00f9 h\u1ee3p v\u1edbi mong mu\u1ed1n v\u00e0 ng\u00e2n s\u00e1ch c\u1ee7a t\u1eebng ch\u1ee7 s\u1edf h\u1eefu.<\/p>\n<\/li>\n<li>\n<p data-path-to-node=\"11,1,0\"><b data-path-to-node=\"11,1,0\" data-index-in-node=\"0\">S\u1ef1 an t\u00e2m tuy\u1ec7t \u0111\u1ed1i:<\/b>\u00a0B\u1ea1n ho\u00e0n to\u00e0n c\u00f3 th\u1ec3 th\u1ea3nh th\u01a1i khi bi\u1ebft r\u1eb1ng t\u00e0i s\u1ea3n c\u1ee7a m\u00ecnh lu\u00f4n\u00a0<b data-path-to-node=\"11,1,0\" data-index-in-node=\"89\">An to\u00e0n \u2013 S\u1ea1ch \u0111\u1eb9p \u2013 Sinh l\u1eddi<\/b>.<\/p>\n<\/li>\n<li>\n<p data-path-to-node=\"11,2,0\"><b data-path-to-node=\"11,2,0\" data-index-in-node=\"0\">T\u1eadn t\u00e2m trong t\u1eebng chi ti\u1ebft:<\/b>\u00a0T\u1eeb nh\u1eefng m\u1ea3ng decor nh\u1ecf nh\u1ea5t \u0111\u1ebfn quy tr\u00ecnh b\u1ea3o tr\u00ec ph\u1ee9c t\u1ea1p, ch\u00fang t\u00f4i \u0111\u1ec1u th\u1ef1c hi\u1ec7n b\u1eb1ng s\u1ef1 t\u1ec9 m\u1ec9 v\u00e0 tr\u00e1ch nhi\u1ec7m cao nh\u1ea5t.<\/p>\n<\/li>\n<\/ul>\n<p data-path-to-node=\"13\"><b data-path-to-node=\"13\" data-index-in-node=\"0\">H\u00e3y \u0111\u1ec3 Diamond PS \u0111\u1ed3ng h\u00e0nh c\u00f9ng b\u1ea1n!<\/b>\u00a0\u0110\u1eebng \u0111\u1ec3 vi\u1ec7c qu\u1ea3n l\u00fd c\u0103n h\u1ed9 tr\u1edf th\u00e0nh g\u00e1nh n\u1eb7ng. H\u00e3y \u0111\u1ec3 chuy\u00ean gia gi\u00fap b\u1ea1n bi\u1ebfn b\u1ea5t \u0111\u1ed9ng s\u1ea3n th\u00e0nh ngu\u1ed3n thu nh\u1eadp th\u1ee5 \u0111\u1ed9ng b\u1ec1n v\u1eefng v\u00e0 lu\u00f4n r\u1ea1ng r\u1ee1 nh\u01b0 m\u1edbi.<\/p>\n<p data-path-to-node=\"14\">\ud83d\udcde\u00a0<b data-path-to-node=\"14\" data-index-in-node=\"3\">Li\u00ean h\u1ec7 v\u1edbi ch\u00fang t\u00f4i ngay h\u00f4m nay \u0111\u1ec3 nh\u1eadn t\u01b0 v\u1ea5n gi\u1ea3i ph\u00e1p t\u1ed1i \u01b0u cho c\u0103n h\u1ed9 c\u1ee7a b\u1ea1n!<\/b><\/p>\n<p data-path-to-node=\"14\"><strong>Mr Thi : 0908115124\u00a0<\/strong><br \/><strong>Miss Thi VoNi :\u00a0 0903577597<\/strong><\/p>\n\n","protected":false},"excerpt":{"rendered":"","protected":false},"author":1,"featured_media":0,"parent":0,"menu_order":0,"comment_status":"closed","ping_status":"closed","template":"","meta":{"footnotes":""},"class_list":["post-3","page","type-page","status-publish","hentry"],"_links":{"self":[{"href":"https:\/\/diamondps.vn\/index.php\/wp-json\/wp\/v2\/pages\/3","targetHints":{"allow":["GET"]}}],"collection":[{"href":"https:\/\/diamondps.vn\/index.php\/wp-json\/wp\/v2\/pages"}],"about":[{"href":"https:\/\/diamondps.vn\/index.php\/wp-json\/wp\/v2\/types\/page"}],"author":[{"embeddable":true,"href":"https:\/\/diamondps.vn\/index.php\/wp-json\/wp\/v2\/users\/1"}],"replies":[{"embeddable":true,"href":"https:\/\/diamondps.vn\/index.php\/wp-json\/wp\/v2\/comments?post=3"}],"version-history":[{"count":15,"href":"https:\/\/diamondps.vn\/index.php\/wp-json\/wp\/v2\/pages\/3\/revisions"}],"predecessor-version":[{"id":107,"href":"https:\/\/diamondps.vn\/index.php\/wp-json\/wp\/v2\/pages\/3\/revisions\/107"}],"wp:attachment":[{"href":"https:\/\/diamondps.vn\/index.php\/wp-json\/wp\/v2\/media?parent=3"}],"curies":[{"name":"wp","href":"https:\/\/api.w.org\/{rel}","templated":true}]}}