{"id":2,"date":"2026-01-06T11:27:14","date_gmt":"2026-01-06T11:27:14","guid":{"rendered":"http:\/\/diamondps.vn\/?page_id=2"},"modified":"2026-01-09T14:38:37","modified_gmt":"2026-01-09T07:38:37","slug":"about-us","status":"publish","type":"page","link":"https:\/\/diamondps.vn\/index.php\/about-us\/","title":{"rendered":"V\u1ec1 ch\u00fang t\u00f4i"},"content":{"rendered":"\n\t<div id=\"text-2617740494\" class=\"text\">\n\t\t\n\n<h2 class=\"uppercase\">V\u1ec0 CH\u00daNG T\u00d4I \u2013 DIAMOND PROPERTY<\/h2>\n\t\t\n<style>\n#text-2617740494 {\n  text-align: center;\n}\n<\/style>\n\t<\/div>\n\t\n<div class=\"row\"  id=\"row-1955238520\">\n\n\n\t<div id=\"col-1960037529\" class=\"col small-12 large-12\"  >\n\t\t<div class=\"col-inner\"  >\n\t\t\t\n\t\t\t\n\n\t<div id=\"text-3024010948\" class=\"text\">\n\t\t\n\n<p>N\u00e2ng T\u1ea7m Gi\u00e1 Tr\u1ecb S\u1ed1ng \u2013 Chu\u1ea9n M\u1ef1c D\u1ecbch V\u1ee5 Kh\u00e1ch S\u1ea1n<\/p>\n\t\t\n<style>\n#text-3024010948 {\n  font-size: 1.25rem;\n}\n<\/style>\n\t<\/div>\n\t\n<p>Ch\u00e0o m\u1eebng b\u1ea1n \u0111\u1ebfn v\u1edbi Diamond Property, \u0111\u01a1n v\u1ecb ti\u00ean phong trong l\u0129nh v\u1ef1c qu\u1ea3n l\u00fd v\u00e0 v\u1eadn h\u00e0nh b\u1ea5t \u0111\u1ed9ng s\u1ea3n c\u0103n h\u1ed9 cao c\u1ea5p. V\u1edbi s\u1ee9 m\u1ec7nh mang l\u1ea1i s\u1ef1 an t\u00e2m tuy\u1ec7t \u0111\u1ed1i v\u00e0 kh\u00f4ng gian s\u1ed1ng ho\u00e0n h\u1ea3o, ch\u00fang t\u00f4i t\u1ef1 h\u00e0o l\u00e0 ng\u01b0\u1eddi \u0111\u1ed3ng h\u00e0nh tin c\u1eady c\u1ee7a c\u00e1c ch\u1ee7 s\u1edf h\u1eefu v\u00e0 c\u01b0 d\u00e2n hi\u1ec7n \u0111\u1ea1i.<br \/>\nT\u1ea1i Diamond Property, ch\u00fang t\u00f4i kh\u00f4ng ch\u1ec9 qu\u1ea3n l\u00fd m\u1ed9t t\u00e0i s\u1ea3n; ch\u00fang t\u00f4i ch\u0103m s\u00f3c m\u1ed9t t\u1ed5 \u1ea5m. B\u1eb1ng vi\u1ec7c \u00e1p d\u1ee5ng ti\u00eau chu\u1ea9n kh\u1eaft khe c\u1ee7a ng\u00e0nh kh\u00e1ch s\u1ea1n 5 sao v\u00e0o qu\u1ea3n l\u00fd c\u0103n h\u1ed9, Diamond Property bi\u1ebfn m\u1ed7i ng\u00e0y l\u01b0u tr\u00fa c\u1ee7a b\u1ea1n tr\u1edf th\u00e0nh m\u1ed9t k\u1ef3 ngh\u1ec9 d\u01b0\u1ee1ng \u0111\u00edch th\u1ef1c.<\/p>\n\n\t\t<\/div>\n\t\t\t<\/div>\n\n\t\n\n<\/div>\n<div class=\"row\"  id=\"row-1439041095\">\n\n\n\t<div id=\"col-2084917366\" class=\"col small-12 large-12\"  >\n\t\t<div class=\"col-inner\"  >\n\t\t\t\n\t\t\t\n\n\t<div id=\"text-246971991\" class=\"text\">\n\t\t\n\n<p>D\u1ecbch V\u1ee5 C\u1ee7a Ch\u00fang T\u00f4i<\/p>\n\t\t\n<style>\n#text-246971991 {\n  font-size: 1.25rem;\n}\n<\/style>\n\t<\/div>\n\t\n<p>Ch\u00fang t\u00f4i cung c\u1ea5p gi\u1ea3i ph\u00e1p qu\u1ea3n l\u00fd to\u00e0n di\u1ec7n, gi\u00fap t\u1ed1i \u01b0u h\u00f3a gi\u00e1 tr\u1ecb b\u1ea5t \u0111\u1ed9ng s\u1ea3n v\u00e0 n\u00e2ng cao ch\u1ea5t l\u01b0\u1ee3ng cu\u1ed9c s\u1ed1ng:<br \/>\u2022 Qu\u1ea3n l\u00fd c\u0103n h\u1ed9 chuy\u00ean nghi\u1ec7p: Quy tr\u00ecnh v\u1eadn h\u00e0nh minh b\u1ea1ch, t\u1ed1i \u01b0u h\u00f3a l\u1ee3i nhu\u1eadn cho ch\u1ee7 nh\u00e0 v\u00e0 \u0111\u1ea3m b\u1ea3o ti\u1ec7n nghi cho kh\u00e1ch thu\u00ea.<br \/>\u2022 D\u1ecbch v\u1ee5 v\u1ec7 sinh chu\u1ea9n kh\u00e1ch s\u1ea1n: \u0110\u1ed9i ng\u0169 nh\u00e2n vi\u00ean \u0111\u01b0\u1ee3c \u0111\u00e0o t\u1ea1o b\u00e0i b\u1ea3n, s\u1eed d\u1ee5ng c\u00f4ng ngh\u1ec7 v\u00e0 h\u00f3a ch\u1ea5t an to\u00e0n, mang l\u1ea1i kh\u00f4ng gian s\u1ed1ng s\u1ea1ch s\u1ebd, tinh t\u01b0\u01a1m.<br \/>\u2022 B\u1ea3o tr\u00ec &amp; K\u1ef9 thu\u1eadt: H\u1ec7 th\u1ed1ng gi\u00e1m s\u00e1t v\u00e0 b\u1ea3o d\u01b0\u1ee1ng \u0111\u1ecbnh k\u1ef3 gi\u00fap c\u0103n h\u1ed9 lu\u00f4n trong t\u00ecnh tr\u1ea1ng v\u1eadn h\u00e0nh t\u1ed1t nh\u1ea5t, x\u1eed l\u00fd s\u1ef1 c\u1ed1 nhanh ch\u00f3ng 24\/7.<\/p>\n\n\t\t<\/div>\n\t\t\t<\/div>\n\n\t\n\n<\/div>\n<div class=\"row\"  id=\"row-2113013409\">\n\n\n\t<div id=\"col-1141432471\" class=\"col small-12 large-12\"  >\n\t\t<div class=\"col-inner\"  >\n\t\t\t\n\t\t\t\n\n\t<div id=\"text-660914861\" class=\"text\">\n\t\t\n\n<p>S\u1ee9 M\u1ec7nh C\u1ee7a Ch\u00fang T\u00f4i<\/p>\n\t\t\n<style>\n#text-660914861 {\n  font-size: 1.25rem;\n}\n<\/style>\n\t<\/div>\n\t\n<p>S\u1ee9 m\u1ec7nh c\u1ee7a Diamond Property l\u00e0 thi\u1ebft l\u1eadp m\u1ed9t chu\u1ea9n m\u1ef1c m\u1edbi trong qu\u1ea3n l\u00fd b\u1ea5t \u0111\u1ed9ng s\u1ea3n, n\u01a1i m\u00e0 s\u1ef1 ti\u1ec7n nghi, an to\u00e0n v\u00e0 tinh t\u1ebf \u0111\u01b0\u1ee3c \u0111\u1eb7t l\u00ean h\u00e0ng \u0111\u1ea7u. Ch\u00fang t\u00f4i cam k\u1ebft b\u1ea3o v\u1ec7 v\u00e0 gia t\u0103ng gi\u00e1 tr\u1ecb t\u00e0i s\u1ea3n cho kh\u00e1ch h\u00e0ng th\u00f4ng qua nh\u1eefng gi\u1ea3i ph\u00e1p qu\u1ea3n l\u00fd th\u00f4ng minh v\u00e0 t\u1eadn t\u00e2m.<\/p>\n\n\t\t<\/div>\n\t\t\t<\/div>\n\n\t\n\n<\/div>\n<div class=\"row\"  id=\"row-67512982\">\n\n\n\t<div id=\"col-911548931\" class=\"col small-12 large-12\"  >\n\t\t<div class=\"col-inner\"  >\n\t\t\t\n\t\t\t\n\n\t<div id=\"text-155932680\" class=\"text\">\n\t\t\n\n<p>Gi\u00e1 Tr\u1ecb C\u1ed1t L\u00f5i<\/p>\n\t\t\n<style>\n#text-155932680 {\n  font-size: 1.25rem;\n}\n<\/style>\n\t<\/div>\n\t\n<p>T\u1ea1i Diamond Property, v\u0103n h\u00f3a doanh nghi\u1ec7p v\u00e0 m\u1ecdi h\u00e0nh \u0111\u1ed9ng c\u1ee7a ch\u00fang t\u00f4i \u0111\u1ec1u xoay quanh 3 tr\u1ee5 c\u1ed9t ch\u00ednh:<\/p>\n<p>1. \u0110am m\u00ea (Passion): Ch\u00fang t\u00f4i l\u00e0m vi\u1ec7c v\u1edbi l\u00f2ng nhi\u1ec7t huy\u1ebft kh\u00f4ng ng\u1eebng ngh\u1ec9 \u0111\u1ec3 t\u00ecm ki\u1ebfm nh\u1eefng gi\u1ea3i ph\u00e1p s\u00e1ng t\u1ea1o nh\u1ea5t, mang l\u1ea1i s\u1ef1 h\u00e0i l\u00f2ng v\u01b0\u1ee3t mong \u0111\u1ee3i cho kh\u00e1ch h\u00e0ng.<\/p>\n<p>2. Ch\u00ednh tr\u1ef1c (Integrity): S\u1ef1 trung th\u1ef1c v\u00e0 minh b\u1ea1ch l\u00e0 kim ch\u1ec9 nam trong m\u1ecdi giao d\u1ecbch. Ch\u00fang t\u00f4i x\u00e2y d\u1ef1ng ni\u1ec1m tin d\u1ef1a tr\u00ean \u0111\u1ea1o \u0111\u1ee9c ngh\u1ec1 nghi\u1ec7p v\u00e0 tr\u00e1ch nhi\u1ec7m cao nh\u1ea5t.<\/p>\n<p>3. T\u1eadn t\u00e2m (Dedication): Diamond Property l\u1eafng nghe t\u1eebng nhu c\u1ea7u nh\u1ecf nh\u1ea5t c\u1ee7a kh\u00e1ch h\u00e0ng. Ch\u00fang t\u00f4i ph\u1ee5c v\u1ee5 b\u1eb1ng c\u1ea3 tr\u00e1i tim, \u0111\u1ea3m b\u1ea3o m\u1ed7i c\u0103n h\u1ed9 \u0111\u1ec1u \u0111\u01b0\u1ee3c ch\u0103m s\u00f3c t\u1ec9 m\u1ec9 nh\u01b0 ch\u00ednh ng\u00f4i nh\u00e0 c\u1ee7a m\u00ecnh.<\/p>\n\n\t\t<\/div>\n\t\t\t<\/div>\n\n\t\n\n<\/div>\n<div class=\"row\"  id=\"row-1106815505\">\n\n\n\t<div id=\"col-835929743\" class=\"col small-12 large-12\"  >\n\t\t<div class=\"col-inner\"  >\n\t\t\t\n\t\t\t\n\n\t<div id=\"text-3885078911\" class=\"text\">\n\t\t\n\n<p>Diamond Property \u2013 N\u01a1i gi\u00e1 tr\u1ecb b\u1ea5t \u0111\u1ed9ng s\u1ea3n t\u1ecfa s\u00e1ng nh\u01b0 kim c\u01b0\u01a1ng<\/p>\n\t\t\n<style>\n#text-3885078911 {\n  font-size: 1.25rem;\n}\n<\/style>\n\t<\/div>\n\t\n\n\t\t<\/div>\n\t\t\t<\/div>\n\n\t\n\n<\/div>\n<div class=\"slider-wrapper relative\" id=\"slider-1411196129\" >\n    <div class=\"slider slider-nav-circle slider-nav-large slider-nav-light slider-style-normal\"\n        data-flickity-options='{\n            \"cellAlign\": \"center\",\n            \"imagesLoaded\": true,\n            \"lazyLoad\": 1,\n            \"freeScroll\": false,\n            \"wrapAround\": true,\n            \"autoPlay\": 3000,\n            \"pauseAutoPlayOnHover\" : true,\n            \"prevNextButtons\": true,\n            \"contain\" : true,\n            \"adaptiveHeight\" : true,\n            \"dragThreshold\" : 10,\n            \"percentPosition\": true,\n            \"pageDots\": true,\n            \"rightToLeft\": false,\n            \"draggable\": true,\n            \"selectedAttraction\": 0.1,\n            \"parallax\" : 0,\n            \"friction\": 0.6        }'\n        >\n        \n\n\t<div class=\"img has-hover x md-x lg-x y md-y lg-y\" id=\"image_1811297805\">\n\t\t\t\t\t\t\t\t<div class=\"img-inner dark\" >\n\t\t\t<img loading=\"lazy\" decoding=\"async\" width=\"1020\" height=\"537\" src=\"https:\/\/diamondps.vn\/wp-content\/uploads\/Aboutus-DIAMONDPROPERTY-4.png\" class=\"attachment-large size-large\" alt=\"\" srcset=\"https:\/\/diamondps.vn\/wp-content\/uploads\/Aboutus-DIAMONDPROPERTY-4.png 1600w, https:\/\/diamondps.vn\/wp-content\/uploads\/Aboutus-DIAMONDPROPERTY-4-1500x790.png 1500w, https:\/\/diamondps.vn\/wp-content\/uploads\/Aboutus-DIAMONDPROPERTY-4-800x422.png 800w, https:\/\/diamondps.vn\/wp-content\/uploads\/Aboutus-DIAMONDPROPERTY-4-768x405.png 768w, https:\/\/diamondps.vn\/wp-content\/uploads\/Aboutus-DIAMONDPROPERTY-4-1536x809.png 1536w\" sizes=\"auto, (max-width: 1020px) 100vw, 1020px\" \/>\t\t\t\t\t\t\n\t\t\t\t\t<\/div>\n\t\t\t\t\t\t\t\t\n<style>\n#image_1811297805 {\n  width: 100%;\n}\n<\/style>\n\t<\/div>\n\t\n\n\t<div class=\"img has-hover x md-x lg-x y md-y lg-y\" id=\"image_775941519\">\n\t\t\t\t\t\t\t\t<div class=\"img-inner dark\" >\n\t\t\t<img loading=\"lazy\" decoding=\"async\" width=\"1020\" height=\"537\" src=\"https:\/\/diamondps.vn\/wp-content\/uploads\/Aboutus-DIAMONDPROPERTY-5.png\" class=\"attachment-large size-large\" alt=\"\" srcset=\"https:\/\/diamondps.vn\/wp-content\/uploads\/Aboutus-DIAMONDPROPERTY-5.png 1600w, https:\/\/diamondps.vn\/wp-content\/uploads\/Aboutus-DIAMONDPROPERTY-5-1500x790.png 1500w, https:\/\/diamondps.vn\/wp-content\/uploads\/Aboutus-DIAMONDPROPERTY-5-800x422.png 800w, https:\/\/diamondps.vn\/wp-content\/uploads\/Aboutus-DIAMONDPROPERTY-5-768x405.png 768w, https:\/\/diamondps.vn\/wp-content\/uploads\/Aboutus-DIAMONDPROPERTY-5-1536x809.png 1536w\" sizes=\"auto, (max-width: 1020px) 100vw, 1020px\" \/>\t\t\t\t\t\t\n\t\t\t\t\t<\/div>\n\t\t\t\t\t\t\t\t\n<style>\n#image_775941519 {\n  width: 100%;\n}\n<\/style>\n\t<\/div>\n\t\n\n\t<div class=\"img has-hover x md-x lg-x y md-y lg-y\" id=\"image_2120223430\">\n\t\t\t\t\t\t\t\t<div class=\"img-inner dark\" >\n\t\t\t<img loading=\"lazy\" decoding=\"async\" width=\"1020\" height=\"537\" src=\"https:\/\/diamondps.vn\/wp-content\/uploads\/Aboutus-DIAMONDPROPERTY-1.png\" class=\"attachment-large size-large\" alt=\"\" srcset=\"https:\/\/diamondps.vn\/wp-content\/uploads\/Aboutus-DIAMONDPROPERTY-1.png 1600w, https:\/\/diamondps.vn\/wp-content\/uploads\/Aboutus-DIAMONDPROPERTY-1-1500x790.png 1500w, https:\/\/diamondps.vn\/wp-content\/uploads\/Aboutus-DIAMONDPROPERTY-1-800x422.png 800w, https:\/\/diamondps.vn\/wp-content\/uploads\/Aboutus-DIAMONDPROPERTY-1-768x405.png 768w, https:\/\/diamondps.vn\/wp-content\/uploads\/Aboutus-DIAMONDPROPERTY-1-1536x809.png 1536w\" sizes=\"auto, (max-width: 1020px) 100vw, 1020px\" \/>\t\t\t\t\t\t\n\t\t\t\t\t<\/div>\n\t\t\t\t\t\t\t\t\n<style>\n#image_2120223430 {\n  width: 100%;\n}\n<\/style>\n\t<\/div>\n\t\n\n\t<div class=\"img has-hover x md-x lg-x y md-y lg-y\" id=\"image_739421127\">\n\t\t\t\t\t\t\t\t<div class=\"img-inner dark\" >\n\t\t\t<img loading=\"lazy\" decoding=\"async\" width=\"1020\" height=\"537\" src=\"https:\/\/diamondps.vn\/wp-content\/uploads\/Aboutus-DIAMONDPROPERTY-3.png\" class=\"attachment-large size-large\" alt=\"\" srcset=\"https:\/\/diamondps.vn\/wp-content\/uploads\/Aboutus-DIAMONDPROPERTY-3.png 1600w, https:\/\/diamondps.vn\/wp-content\/uploads\/Aboutus-DIAMONDPROPERTY-3-1500x790.png 1500w, https:\/\/diamondps.vn\/wp-content\/uploads\/Aboutus-DIAMONDPROPERTY-3-800x422.png 800w, https:\/\/diamondps.vn\/wp-content\/uploads\/Aboutus-DIAMONDPROPERTY-3-768x405.png 768w, https:\/\/diamondps.vn\/wp-content\/uploads\/Aboutus-DIAMONDPROPERTY-3-1536x809.png 1536w\" sizes=\"auto, (max-width: 1020px) 100vw, 1020px\" \/>\t\t\t\t\t\t\n\t\t\t\t\t<\/div>\n\t\t\t\t\t\t\t\t\n<style>\n#image_739421127 {\n  width: 100%;\n}\n<\/style>\n\t<\/div>\n\t\n\n\t<div class=\"img has-hover x md-x lg-x y md-y lg-y\" id=\"image_2087841016\">\n\t\t\t\t\t\t\t\t<div class=\"img-inner dark\" >\n\t\t\t<img loading=\"lazy\" decoding=\"async\" width=\"1020\" height=\"537\" src=\"https:\/\/diamondps.vn\/wp-content\/uploads\/Aboutus-DIAMONDPROPERTY-2.png\" class=\"attachment-large size-large\" alt=\"\" srcset=\"https:\/\/diamondps.vn\/wp-content\/uploads\/Aboutus-DIAMONDPROPERTY-2.png 1600w, https:\/\/diamondps.vn\/wp-content\/uploads\/Aboutus-DIAMONDPROPERTY-2-1500x790.png 1500w, https:\/\/diamondps.vn\/wp-content\/uploads\/Aboutus-DIAMONDPROPERTY-2-800x422.png 800w, https:\/\/diamondps.vn\/wp-content\/uploads\/Aboutus-DIAMONDPROPERTY-2-768x405.png 768w, https:\/\/diamondps.vn\/wp-content\/uploads\/Aboutus-DIAMONDPROPERTY-2-1536x809.png 1536w\" sizes=\"auto, (max-width: 1020px) 100vw, 1020px\" \/>\t\t\t\t\t\t\n\t\t\t\t\t<\/div>\n\t\t\t\t\t\t\t\t\n<style>\n#image_2087841016 {\n  width: 100%;\n}\n<\/style>\n\t<\/div>\n\t\n\n\t<div class=\"img has-hover x md-x lg-x y md-y lg-y\" id=\"image_634690726\">\n\t\t\t\t\t\t\t\t<div class=\"img-inner dark\" >\n\t\t\t<img loading=\"lazy\" decoding=\"async\" width=\"1020\" height=\"537\" src=\"https:\/\/diamondps.vn\/wp-content\/uploads\/Aboutus-DIAMONDPROPERTY-7.png\" class=\"attachment-large size-large\" alt=\"\" srcset=\"https:\/\/diamondps.vn\/wp-content\/uploads\/Aboutus-DIAMONDPROPERTY-7.png 1600w, https:\/\/diamondps.vn\/wp-content\/uploads\/Aboutus-DIAMONDPROPERTY-7-1500x790.png 1500w, https:\/\/diamondps.vn\/wp-content\/uploads\/Aboutus-DIAMONDPROPERTY-7-800x422.png 800w, https:\/\/diamondps.vn\/wp-content\/uploads\/Aboutus-DIAMONDPROPERTY-7-768x405.png 768w, https:\/\/diamondps.vn\/wp-content\/uploads\/Aboutus-DIAMONDPROPERTY-7-1536x809.png 1536w\" sizes=\"auto, (max-width: 1020px) 100vw, 1020px\" \/>\t\t\t\t\t\t\n\t\t\t\t\t<\/div>\n\t\t\t\t\t\t\t\t\n<style>\n#image_634690726 {\n  width: 100%;\n}\n<\/style>\n\t<\/div>\n\t\n\n\n     <\/div>\n\n     <div class=\"loading-spin dark large centered\"><\/div>\n\n     <\/div>\n\n\n\n","protected":false},"excerpt":{"rendered":"","protected":false},"author":1,"featured_media":0,"parent":0,"menu_order":0,"comment_status":"closed","ping_status":"closed","template":"","meta":{"footnotes":""},"class_list":["post-2","page","type-page","status-publish","hentry"],"_links":{"self":[{"href":"https:\/\/diamondps.vn\/index.php\/wp-json\/wp\/v2\/pages\/2","targetHints":{"allow":["GET"]}}],"collection":[{"href":"https:\/\/diamondps.vn\/index.php\/wp-json\/wp\/v2\/pages"}],"about":[{"href":"https:\/\/diamondps.vn\/index.php\/wp-json\/wp\/v2\/types\/page"}],"author":[{"embeddable":true,"href":"https:\/\/diamondps.vn\/index.php\/wp-json\/wp\/v2\/users\/1"}],"replies":[{"embeddable":true,"href":"https:\/\/diamondps.vn\/index.php\/wp-json\/wp\/v2\/comments?post=2"}],"version-history":[{"count":5,"href":"https:\/\/diamondps.vn\/index.php\/wp-json\/wp\/v2\/pages\/2\/revisions"}],"predecessor-version":[{"id":132,"href":"https:\/\/diamondps.vn\/index.php\/wp-json\/wp\/v2\/pages\/2\/revisions\/132"}],"wp:attachment":[{"href":"https:\/\/diamondps.vn\/index.php\/wp-json\/wp\/v2\/media?parent=2"}],"curies":[{"name":"wp","href":"https:\/\/api.w.org\/{rel}","templated":true}]}}